{"id":32,"date":"2021-01-21T19:49:26","date_gmt":"2021-01-21T18:49:26","guid":{"rendered":"https:\/\/sobatim-evolution.fr\/?page_id=32"},"modified":"2022-01-12T13:40:03","modified_gmt":"2022-01-12T12:40:03","slug":"contact","status":"publish","type":"page","link":"https:\/\/sobatim-evolution.fr\/?page_id=32","title":{"rendered":"CONTACT"},"content":{"rendered":"\n<h2>\n\t\tCONTACTEZ NOUS\n\t<\/h2>\n\t\t\t<h2>BIENVENUE !<\/h2>\n\t\t\t\t<img src=\"https:\/\/sobatim-evolution.fr\/wp-content\/uploads\/2021\/03\/Cam-003002.jpg\" alt=\"Cam 003002\" title=\"Cam 003002\" itemprop=\"image\"  \/>\n\t<iframe src=\"https:\/\/www.google.com\/maps\/embed\/v1\/place?q=116+rue+du+docteur+roux.%0ASaint+Maur+des+foss%C3%A9s.&#038;key=AIzaSyD09zQ9PNDNNy9TadMuzRV_UsPUoWKntt8\" aria-hidden=\"true\"><\/iframe>\n\t\t<h3>Adresse<\/h3>\t\t\t\n\t\t\t\t<p>116 rue du docteur roux.<br \/>94100 Saint Maur des foss\u00e9s<\/p>\n\t\t<h3>T\u00e9l\u00e9phone<\/h3>\t\t\t\n\t\t\t\t<p>01 42 83 63 90<\/p>\n\t\t<h3>Email<\/h3>\t\t\t\n\t\t\t\t<p>Contact@sobatim-evolution.fr<\/p>\n\n","protected":false},"excerpt":{"rendered":"<p>CONTACTEZ NOUS BIENVENUE ! Adresse 116 rue du docteur roux.94100 Saint Maur des foss\u00e9s T\u00e9l\u00e9phone 01 42 83 63 90 Email Contact@sobatim-evolution.fr<\/p>\n","protected":false},"author":1,"featured_media":0,"parent":0,"menu_order":0,"comment_status":"closed","ping_status":"closed","template":"","meta":[],"_links":{"self":[{"href":"https:\/\/sobatim-evolution.fr\/index.php?rest_route=\/wp\/v2\/pages\/32"}],"collection":[{"href":"https:\/\/sobatim-evolution.fr\/index.php?rest_route=\/wp\/v2\/pages"}],"about":[{"href":"https:\/\/sobatim-evolution.fr\/index.php?rest_route=\/wp\/v2\/types\/page"}],"author":[{"embeddable":true,"href":"https:\/\/sobatim-evolution.fr\/index.php?rest_route=\/wp\/v2\/users\/1"}],"replies":[{"embeddable":true,"href":"https:\/\/sobatim-evolution.fr\/index.php?rest_route=%2Fwp%2Fv2%2Fcomments&post=32"}],"version-history":[{"count":19,"href":"https:\/\/sobatim-evolution.fr\/index.php?rest_route=\/wp\/v2\/pages\/32\/revisions"}],"predecessor-version":[{"id":247,"href":"https:\/\/sobatim-evolution.fr\/index.php?rest_route=\/wp\/v2\/pages\/32\/revisions\/247"}],"wp:attachment":[{"href":"https:\/\/sobatim-evolution.fr\/index.php?rest_route=%2Fwp%2Fv2%2Fmedia&parent=32"}],"curies":[{"name":"wp","href":"https:\/\/api.w.org\/{rel}","templated":true}]}}